{"id":1573,"date":"2021-07-01T12:24:14","date_gmt":"2021-07-01T10:24:14","guid":{"rendered":"https:\/\/www.jazzclublormes.com\/?page_id=1573"},"modified":"2025-11-26T15:59:35","modified_gmt":"2025-11-26T14:59:35","slug":"tarif-et-horaires","status":"publish","type":"page","link":"https:\/\/www.jazzclublormes.com\/index.php\/tarif-et-horaires\/","title":{"rendered":"Tarif et horaires"},"content":{"rendered":"\t\t<div data-elementor-type=\"wp-page\" data-elementor-id=\"1573\" class=\"elementor elementor-1573\">\n\t\t\t\t\t\t\t\t\t<section class=\"elementor-section elementor-top-section elementor-element elementor-element-fa33411 elementor-section-boxed elementor-section-height-default elementor-section-height-default\" data-id=\"fa33411\" data-element_type=\"section\">\n\t\t\t\t\t\t<div class=\"elementor-container elementor-column-gap-default\">\n\t\t\t\t\t<div class=\"elementor-column elementor-col-50 elementor-top-column elementor-element elementor-element-d98363c\" data-id=\"d98363c\" data-element_type=\"column\">\n\t\t\t<div class=\"elementor-widget-wrap elementor-element-populated\">\n\t\t\t\t\t\t\t\t<div class=\"elementor-element elementor-element-d905395 elementor-widget elementor-widget-image\" data-id=\"d905395\" data-element_type=\"widget\" data-widget_type=\"image.default\">\n\t\t\t\t<div class=\"elementor-widget-container\">\n\t\t\t\t\t\t\t\t\t\t\t\t\t\t\t<img width=\"960\" height=\"538\" src=\"https:\/\/www.jazzclublormes.com\/wp-content\/uploads\/2021\/07\/la-recycl-1024x574.jpg\" class=\"attachment-large size-large wp-image-1587\" alt=\"\" loading=\"lazy\" srcset=\"https:\/\/www.jazzclublormes.com\/wp-content\/uploads\/2021\/07\/la-recycl-1024x574.jpg 1024w, https:\/\/www.jazzclublormes.com\/wp-content\/uploads\/2021\/07\/la-recycl-300x168.jpg 300w, https:\/\/www.jazzclublormes.com\/wp-content\/uploads\/2021\/07\/la-recycl-768x430.jpg 768w, https:\/\/www.jazzclublormes.com\/wp-content\/uploads\/2021\/07\/la-recycl-700x392.jpg 700w, https:\/\/www.jazzclublormes.com\/wp-content\/uploads\/2021\/07\/la-recycl.jpg 1433w\" sizes=\"(max-width: 960px) 100vw, 960px\" \/>\t\t\t\t\t\t\t\t\t\t\t\t\t\t\t<\/div>\n\t\t\t\t<\/div>\n\t\t\t\t\t<\/div>\n\t\t<\/div>\n\t\t\t\t<div class=\"elementor-column elementor-col-50 elementor-top-column elementor-element elementor-element-6e8882e\" data-id=\"6e8882e\" data-element_type=\"column\">\n\t\t\t<div class=\"elementor-widget-wrap elementor-element-populated\">\n\t\t\t\t\t\t\t\t<div class=\"elementor-element elementor-element-59e6959 elementor-widget elementor-widget-text-editor\" data-id=\"59e6959\" data-element_type=\"widget\" data-widget_type=\"text-editor.default\">\n\t\t\t\t<div class=\"elementor-widget-container\">\n\t\t\t\t\t\t\t<div>\n<header>\n<hr>\n<h1>Tarifs et horaires<\/h1>\n<div>Le JAZZCLUB LORMES organise <strong>12 concerts par an<\/strong>.<\/div>\n<div><span style=\"color: #ff6600;\"><strong>L&rsquo;ESTIVAL JAZZ&rsquo;MORVAN<\/strong><\/span> c&rsquo;est 7 concerts en juillet et ao\u00fbt \u00e0 la Recycl&rsquo;.<\/div>\n<div><strong>Les concerts hors-saison<\/strong> se d\u00e9roulent les samedis, en f\u00e9vrier, avril, mai, octobre et dimanche en d\u00e9cembre.<\/div>\n<div>D\u00e9couvrez notre <span style=\"color: #ff6600;\"><strong><a style=\"color: #ff6600;\" href=\"https:\/\/www.jazzclublormes.com\/index.php\/event-listing\/\">programmation de l&rsquo;ann\u00e9e<\/a><\/strong><\/span><\/div>\n<div>&nbsp;<\/div>\n<\/header>\n<\/div>\n<div>\n<h2>Juillet et Ao\u00fbt<\/h2>\n<ul>\n<li>Tous les jeudis soir<\/li>\n<li>Ouverture des portes&nbsp;: 19h00<\/li>\n<li>D\u00e9but du concert : 20h00<\/li>\n<li>Dur\u00e9e : 2h30 (en 2 parties)<\/li>\n<\/ul>\n<h2>Hors-saison<\/h2>\n<ul>\n<li>F\u00e9vrier, Avril, Mai, Octobre et D\u00e9cembre<\/li>\n<li>Ouverture des portes : 19h00<\/li>\n<li>D\u00e9but du concert : 20h00<\/li>\n<li>Dur\u00e9e : 2h30 (en 2 parties)<\/li>\n<\/ul>\n<div>&nbsp;<\/div>\n<div><em>Les places sont attribu\u00e9es \u00e0 votre arriv\u00e9e dans la salle.<\/em><\/div>\n<div>\n<hr>\n<\/div>\n<p><em>Tarif plein (<a href=\"https:\/\/www.jazzclublormes.com\/index.php\/event-listing\/\">pr\u00e9-r\u00e9serv\u00e9 en ligne<\/a>): 19\u20ac<\/em><\/p>\n<p>Tarif \u00e0 l&rsquo;achat sur place : 22<em>\u20ac<\/em><\/p>\n<p><em>Tarif sponsors\/m\u00e9c\u00e8nes : 13,50<\/em><em>\u20ac<\/em><\/p>\n<p><em>Tarif chercheurs d&#8217;emploi et les moins de 18 ans : 12\u20ac<\/em><\/p>\n<p><em>Tarif \u00e9l\u00e8ves Ecole de Musique et de Danse : 5\u20ac<\/em><\/p>\n<p><em>&nbsp;&nbsp;<\/em><\/p>\n<\/div>\t\t\t\t\t\t<\/div>\n\t\t\t\t<\/div>\n\t\t\t\t\t<\/div>\n\t\t<\/div>\n\t\t\t\t\t\t\t<\/div>\n\t\t<\/section>\n\t\t\t\t\t\t\t<\/div>\n\t\t","protected":false},"excerpt":{"rendered":"<p>Tarifs et horaires Le JAZZCLUB LORMES organise 12 concerts par an. L&rsquo;ESTIVAL JAZZ&rsquo;MORVAN c&rsquo;est 7 concerts en juillet et ao\u00fbt \u00e0 la Recycl&rsquo;. Les concerts hors-saison se d\u00e9roulent les samedis, en f\u00e9vrier, avril, mai, octobre et dimanche en d\u00e9cembre. D\u00e9couvrez notre programmation de l&rsquo;ann\u00e9e &nbsp; Juillet et Ao\u00fbt Tous les jeudis soir Ouverture des portes&nbsp;: 19h00 D\u00e9but du concert :<a href=\"https:\/\/www.jazzclublormes.com\/index.php\/tarif-et-horaires\/\">[&#8230;]<\/a><\/p>\n","protected":false},"author":1,"featured_media":0,"parent":0,"menu_order":0,"comment_status":"closed","ping_status":"closed","template":"","meta":{"_mi_skip_tracking":false},"_links":{"self":[{"href":"https:\/\/www.jazzclublormes.com\/index.php\/wp-json\/wp\/v2\/pages\/1573"}],"collection":[{"href":"https:\/\/www.jazzclublormes.com\/index.php\/wp-json\/wp\/v2\/pages"}],"about":[{"href":"https:\/\/www.jazzclublormes.com\/index.php\/wp-json\/wp\/v2\/types\/page"}],"author":[{"embeddable":true,"href":"https:\/\/www.jazzclublormes.com\/index.php\/wp-json\/wp\/v2\/users\/1"}],"replies":[{"embeddable":true,"href":"https:\/\/www.jazzclublormes.com\/index.php\/wp-json\/wp\/v2\/comments?post=1573"}],"version-history":[{"count":88,"href":"https:\/\/www.jazzclublormes.com\/index.php\/wp-json\/wp\/v2\/pages\/1573\/revisions"}],"predecessor-version":[{"id":4750,"href":"https:\/\/www.jazzclublormes.com\/index.php\/wp-json\/wp\/v2\/pages\/1573\/revisions\/4750"}],"wp:attachment":[{"href":"https:\/\/www.jazzclublormes.com\/index.php\/wp-json\/wp\/v2\/media?parent=1573"}],"curies":[{"name":"wp","href":"https:\/\/api.w.org\/{rel}","templated":true}]}}