{"id":1615,"date":"2021-07-01T13:59:47","date_gmt":"2021-07-01T11:59:47","guid":{"rendered":"https:\/\/www.jazzclublormes.com\/?page_id=1615"},"modified":"2022-10-20T21:29:55","modified_gmt":"2022-10-20T19:29:55","slug":"ou-nous-trouver","status":"publish","type":"page","link":"https:\/\/www.jazzclublormes.com\/index.php\/ou-nous-trouver\/","title":{"rendered":"O\u00f9 nous trouver"},"content":{"rendered":"\t\t<div data-elementor-type=\"wp-page\" data-elementor-id=\"1615\" class=\"elementor elementor-1615\">\n\t\t\t\t\t\t\t\t\t<section class=\"elementor-section elementor-top-section elementor-element elementor-element-345cc5e elementor-section-boxed elementor-section-height-default elementor-section-height-default\" data-id=\"345cc5e\" data-element_type=\"section\">\n\t\t\t\t\t\t<div class=\"elementor-container elementor-column-gap-default\">\n\t\t\t\t\t<div class=\"elementor-column elementor-col-100 elementor-top-column elementor-element elementor-element-4199da3\" data-id=\"4199da3\" data-element_type=\"column\">\n\t\t\t<div class=\"elementor-widget-wrap elementor-element-populated\">\n\t\t\t\t\t\t\t\t<div class=\"elementor-element elementor-element-5ff07c5 elementor-widget elementor-widget-google_maps\" data-id=\"5ff07c5\" data-element_type=\"widget\" data-widget_type=\"google_maps.default\">\n\t\t\t\t<div class=\"elementor-widget-container\">\n\t\t\t\t\t<div class=\"elementor-custom-embed\">\n\t\t\t<iframe loading=\"lazy\"\n\t\t\t\t\tsrc=\"https:\/\/maps.google.com\/maps?q=Lormes%2C%20la%20recycl%27&#038;t=m&#038;z=10&#038;output=embed&#038;iwloc=near\"\n\t\t\t\t\ttitle=\"Lormes, la recycl&#039;\"\n\t\t\t\t\taria-label=\"Lormes, la recycl&#039;\"\n\t\t\t><\/iframe>\n\t\t<\/div>\n\t\t\t\t<\/div>\n\t\t\t\t<\/div>\n\t\t\t\t\t<\/div>\n\t\t<\/div>\n\t\t\t\t\t\t\t<\/div>\n\t\t<\/section>\n\t\t\t\t<section class=\"elementor-section elementor-top-section elementor-element elementor-element-1d1d4fe elementor-section-boxed elementor-section-height-default elementor-section-height-default\" data-id=\"1d1d4fe\" data-element_type=\"section\">\n\t\t\t\t\t\t<div class=\"elementor-container elementor-column-gap-default\">\n\t\t\t\t\t<div class=\"elementor-column elementor-col-100 elementor-top-column elementor-element elementor-element-2bb37a6\" data-id=\"2bb37a6\" data-element_type=\"column\">\n\t\t\t<div class=\"elementor-widget-wrap elementor-element-populated\">\n\t\t\t\t\t\t\t\t<div class=\"elementor-element elementor-element-2fbd8c3 elementor-widget elementor-widget-text-editor\" data-id=\"2fbd8c3\" data-element_type=\"widget\" data-widget_type=\"text-editor.default\">\n\t\t\t\t<div class=\"elementor-widget-container\">\n\t\t\t\t\t\t\t<p style=\"text-align: left;\"><strong>JAZZCLUB LORMES<\/strong><\/p><p style=\"text-align: left;\">La Recycl&rsquo;<br \/>23 Rue Paul Barreau<br \/>58140 Lormes<\/p><p style=\"text-align: left;\">info@jazzclublormes.com<br \/>Philippe Boutet 06 30 99 29 87 ou Erik Gerritsen 00 31 6 20 49 14 04<\/p><p>Le stationnement est possible au <a href=\"https:\/\/goo.gl\/maps\/zzmmaC7igLkRadZc6\">Parking Vauban<\/a> \u00e0 seulement 2 minutes \u00e0 pied de la Recycl&rsquo;. Il y a un petit sentier reliant le Parking \u00e0 la Rue Paul Barreau<\/p>\t\t\t\t\t\t<\/div>\n\t\t\t\t<\/div>\n\t\t\t\t\t<\/div>\n\t\t<\/div>\n\t\t\t\t\t\t\t<\/div>\n\t\t<\/section>\n\t\t\t\t\t\t\t<\/div>\n\t\t","protected":false},"excerpt":{"rendered":"<p>JAZZCLUB LORMES La Recycl&rsquo;23 Rue Paul Barreau58140 Lormes info@jazzclublormes.comPhilippe Boutet 06 30 99 29 87 ou Erik Gerritsen 00 31 6 20 49 14 04 Le stationnement est possible au Parking Vauban \u00e0 seulement 2 minutes \u00e0 pied de la Recycl&rsquo;. Il y a un petit sentier reliant le Parking \u00e0 la Rue Paul Barreau<\/p>\n","protected":false},"author":1,"featured_media":0,"parent":0,"menu_order":0,"comment_status":"closed","ping_status":"closed","template":"","meta":{"_mi_skip_tracking":false},"_links":{"self":[{"href":"https:\/\/www.jazzclublormes.com\/index.php\/wp-json\/wp\/v2\/pages\/1615"}],"collection":[{"href":"https:\/\/www.jazzclublormes.com\/index.php\/wp-json\/wp\/v2\/pages"}],"about":[{"href":"https:\/\/www.jazzclublormes.com\/index.php\/wp-json\/wp\/v2\/types\/page"}],"author":[{"embeddable":true,"href":"https:\/\/www.jazzclublormes.com\/index.php\/wp-json\/wp\/v2\/users\/1"}],"replies":[{"embeddable":true,"href":"https:\/\/www.jazzclublormes.com\/index.php\/wp-json\/wp\/v2\/comments?post=1615"}],"version-history":[{"count":19,"href":"https:\/\/www.jazzclublormes.com\/index.php\/wp-json\/wp\/v2\/pages\/1615\/revisions"}],"predecessor-version":[{"id":2692,"href":"https:\/\/www.jazzclublormes.com\/index.php\/wp-json\/wp\/v2\/pages\/1615\/revisions\/2692"}],"wp:attachment":[{"href":"https:\/\/www.jazzclublormes.com\/index.php\/wp-json\/wp\/v2\/media?parent=1615"}],"curies":[{"name":"wp","href":"https:\/\/api.w.org\/{rel}","templated":true}]}}