{"id":516,"date":"2019-09-03T01:12:34","date_gmt":"2019-09-02T23:12:34","guid":{"rendered":"http:\/\/jazzalormes.ovh\/?page_id=516"},"modified":"2026-04-26T00:32:44","modified_gmt":"2026-04-25T22:32:44","slug":"homepage-custo","status":"publish","type":"page","link":"https:\/\/www.jazzclublormes.com\/","title":{"rendered":"Home"},"content":{"rendered":"\t\t<div data-elementor-type=\"wp-page\" data-elementor-id=\"516\" class=\"elementor elementor-516\">\n\t\t\t\t\t\t\t\t\t<section class=\"elementor-section elementor-top-section elementor-element elementor-element-295a8a2 elementor-section-boxed elementor-section-height-default elementor-section-height-default\" data-id=\"295a8a2\" data-element_type=\"section\">\n\t\t\t\t\t\t<div class=\"elementor-container elementor-column-gap-default\">\n\t\t\t\t\t<div class=\"elementor-column elementor-col-100 elementor-top-column elementor-element elementor-element-9f7352c\" data-id=\"9f7352c\" data-element_type=\"column\">\n\t\t\t<div class=\"elementor-widget-wrap\">\n\t\t\t\t\t\t\t\t\t<\/div>\n\t\t<\/div>\n\t\t\t\t\t\t\t<\/div>\n\t\t<\/section>\n\t\t\t\t<section class=\"elementor-section elementor-top-section elementor-element elementor-element-68f01d4 elementor-section-boxed elementor-section-height-default elementor-section-height-default\" data-id=\"68f01d4\" data-element_type=\"section\">\n\t\t\t\t\t\t<div class=\"elementor-container elementor-column-gap-default\">\n\t\t\t\t\t<div class=\"elementor-column elementor-col-100 elementor-top-column elementor-element elementor-element-ee963d2\" data-id=\"ee963d2\" data-element_type=\"column\">\n\t\t\t<div class=\"elementor-widget-wrap elementor-element-populated\">\n\t\t\t\t\t\t\t\t<div class=\"elementor-element elementor-element-d4b707c elementor-widget elementor-widget-text-editor\" data-id=\"d4b707c\" data-element_type=\"widget\" data-widget_type=\"text-editor.default\">\n\t\t\t\t<div class=\"elementor-widget-container\">\n\t\t\t\t\t\t\t<p><span style=\"color: #000000; font-family: Tahoma, sans-serif;\"><span style=\"font-size: 24px;\"><b>PROCHAIN CONCERT<\/b><\/span><\/span><\/p><p><span style=\"color: #000000; font-family: Tahoma, sans-serif;\"><span style=\"font-size: 24px;\"><b>LAURENT MAUR &amp; DOMINIQUE VANTOMME QUARTET<br \/>Samedi 23 MAI 2026<\/b><\/span><\/span><\/p>\t\t\t\t\t\t<\/div>\n\t\t\t\t<\/div>\n\t\t\t\t<div class=\"elementor-element elementor-element-5c4f55e elementor-align-center elementor-widget elementor-widget-button\" data-id=\"5c4f55e\" data-element_type=\"widget\" data-widget_type=\"button.default\">\n\t\t\t\t<div class=\"elementor-widget-container\">\n\t\t\t\t\t<div class=\"elementor-button-wrapper\">\n\t\t\t<a class=\"elementor-button elementor-button-link elementor-size-sm\" href=\"https:\/\/www.helloasso.com\/associations\/morvan-musique\/evenements\/laurent-maur-dominique-vantomme-quartet\">\n\t\t\t\t\t\t<span class=\"elementor-button-content-wrapper\">\n\t\t\t\t\t\t<span class=\"elementor-button-text\">R\u00c9SERVATION<\/span>\n\t\t<\/span>\n\t\t\t\t\t<\/a>\n\t\t<\/div>\n\t\t\t\t<\/div>\n\t\t\t\t<\/div>\n\t\t\t\t\t<\/div>\n\t\t<\/div>\n\t\t\t\t\t\t\t<\/div>\n\t\t<\/section>\n\t\t\t\t<section class=\"elementor-section elementor-top-section elementor-element elementor-element-2f68012 elementor-section-boxed elementor-section-height-default elementor-section-height-default\" data-id=\"2f68012\" data-element_type=\"section\">\n\t\t\t\t\t\t<div class=\"elementor-container elementor-column-gap-default\">\n\t\t\t\t\t<div class=\"elementor-column elementor-col-100 elementor-top-column elementor-element elementor-element-1fcdba3\" data-id=\"1fcdba3\" data-element_type=\"column\">\n\t\t\t<div class=\"elementor-widget-wrap elementor-element-populated\">\n\t\t\t\t\t\t\t\t<div class=\"elementor-element elementor-element-cd44679 elementor-widget elementor-widget-image\" data-id=\"cd44679\" data-element_type=\"widget\" data-widget_type=\"image.default\">\n\t\t\t\t<div class=\"elementor-widget-container\">\n\t\t\t\t\t\t\t\t\t\t\t\t\t\t\t\t<a href=\"https:\/\/www.jazzclublormes.com\/index.php\/events\/laurent-maur-quartet\/\">\n\t\t\t\t\t\t\t<img width=\"960\" height=\"960\" src=\"https:\/\/www.jazzclublormes.com\/wp-content\/uploads\/2026\/04\/Laurent-Maur-Dominique-Vantomme-Quartet.jpeg\" class=\"attachment-large size-large wp-image-5149\" alt=\"\" loading=\"lazy\" srcset=\"https:\/\/www.jazzclublormes.com\/wp-content\/uploads\/2026\/04\/Laurent-Maur-Dominique-Vantomme-Quartet.jpeg 960w, https:\/\/www.jazzclublormes.com\/wp-content\/uploads\/2026\/04\/Laurent-Maur-Dominique-Vantomme-Quartet-300x300.jpeg 300w, https:\/\/www.jazzclublormes.com\/wp-content\/uploads\/2026\/04\/Laurent-Maur-Dominique-Vantomme-Quartet-150x150.jpeg 150w, https:\/\/www.jazzclublormes.com\/wp-content\/uploads\/2026\/04\/Laurent-Maur-Dominique-Vantomme-Quartet-768x768.jpeg 768w, https:\/\/www.jazzclublormes.com\/wp-content\/uploads\/2026\/04\/Laurent-Maur-Dominique-Vantomme-Quartet-100x100.jpeg 100w, https:\/\/www.jazzclublormes.com\/wp-content\/uploads\/2026\/04\/Laurent-Maur-Dominique-Vantomme-Quartet-700x700.jpeg 700w\" sizes=\"(max-width: 960px) 100vw, 960px\" \/>\t\t\t\t\t\t\t\t<\/a>\n\t\t\t\t\t\t\t\t\t\t\t\t\t\t\t<\/div>\n\t\t\t\t<\/div>\n\t\t\t\t\t<\/div>\n\t\t<\/div>\n\t\t\t\t\t\t\t<\/div>\n\t\t<\/section>\n\t\t\t\t<section class=\"elementor-section elementor-top-section elementor-element elementor-element-166b36b elementor-section-boxed elementor-section-height-default elementor-section-height-default\" data-id=\"166b36b\" data-element_type=\"section\">\n\t\t\t\t\t\t<div class=\"elementor-container elementor-column-gap-default\">\n\t\t\t\t\t<div class=\"elementor-column elementor-col-100 elementor-top-column elementor-element elementor-element-5db268a\" data-id=\"5db268a\" data-element_type=\"column\">\n\t\t\t<div class=\"elementor-widget-wrap elementor-element-populated\">\n\t\t\t\t\t\t\t\t<div class=\"elementor-element elementor-element-d896720 elementor-widget elementor-widget-image\" data-id=\"d896720\" data-element_type=\"widget\" data-widget_type=\"image.default\">\n\t\t\t\t<div class=\"elementor-widget-container\">\n\t\t\t\t\t\t\t\t\t\t\t\t\t\t\t\t<a href=\"https:\/\/www.jazzclublormes.com\/index.php\/event-listing\/\">\n\t\t\t\t\t\t\t<img width=\"960\" height=\"618\" src=\"https:\/\/www.jazzclublormes.com\/wp-content\/uploads\/2026\/03\/JAZZCLUB_LORMES_PROGRAMMATION_2026-1024x659.jpg\" class=\"attachment-large size-large wp-image-5125\" alt=\"\" loading=\"lazy\" srcset=\"https:\/\/www.jazzclublormes.com\/wp-content\/uploads\/2026\/03\/JAZZCLUB_LORMES_PROGRAMMATION_2026-1024x659.jpg 1024w, https:\/\/www.jazzclublormes.com\/wp-content\/uploads\/2026\/03\/JAZZCLUB_LORMES_PROGRAMMATION_2026-300x193.jpg 300w, https:\/\/www.jazzclublormes.com\/wp-content\/uploads\/2026\/03\/JAZZCLUB_LORMES_PROGRAMMATION_2026-768x494.jpg 768w, https:\/\/www.jazzclublormes.com\/wp-content\/uploads\/2026\/03\/JAZZCLUB_LORMES_PROGRAMMATION_2026-1536x989.jpg 1536w, https:\/\/www.jazzclublormes.com\/wp-content\/uploads\/2026\/03\/JAZZCLUB_LORMES_PROGRAMMATION_2026-2048x1318.jpg 2048w, https:\/\/www.jazzclublormes.com\/wp-content\/uploads\/2026\/03\/JAZZCLUB_LORMES_PROGRAMMATION_2026-700x451.jpg 700w\" sizes=\"(max-width: 960px) 100vw, 960px\" \/>\t\t\t\t\t\t\t\t<\/a>\n\t\t\t\t\t\t\t\t\t\t\t\t\t\t\t<\/div>\n\t\t\t\t<\/div>\n\t\t\t\t\t<\/div>\n\t\t<\/div>\n\t\t\t\t\t\t\t<\/div>\n\t\t<\/section>\n\t\t\t\t<section class=\"elementor-section elementor-top-section elementor-element elementor-element-cbdf221 elementor-section-boxed elementor-section-height-default elementor-section-height-default\" data-id=\"cbdf221\" data-element_type=\"section\">\n\t\t\t\t\t\t<div class=\"elementor-container elementor-column-gap-default\">\n\t\t\t\t\t<div class=\"elementor-column elementor-col-100 elementor-top-column elementor-element elementor-element-472a383\" data-id=\"472a383\" data-element_type=\"column\">\n\t\t\t<div class=\"elementor-widget-wrap elementor-element-populated\">\n\t\t\t\t\t\t\t\t<div class=\"elementor-element elementor-element-487129f elementor-widget elementor-widget-text-editor\" data-id=\"487129f\" data-element_type=\"widget\" data-widget_type=\"text-editor.default\">\n\t\t\t\t<div class=\"elementor-widget-container\">\n\t\t\t\t\t\t\t<p><strong>En 2026, le Jazz Club Lormes c\u00e9l\u00e9bre ses 10 ans<br \/>avec 12 concerts de f\u00e9vrier \u00e0 d\u00e9cembre :<\/strong><br \/><strong>5 concerts hors-saison en f\u00e9vrier, avril, mai, octobre, le samedi soir,<br \/>et le dimanche en d\u00e9cembre.<\/strong><br \/><strong>L&rsquo;Estival Jazz&rsquo;Morvan 2026, c&rsquo;est 7 concerts pendant l&rsquo;\u00e9t\u00e9<br \/>avec un concert chaque jeudi du 16 juillet au 27 ao\u00fbt 2026.<\/strong><\/p>\t\t\t\t\t\t<\/div>\n\t\t\t\t<\/div>\n\t\t\t\t\t<\/div>\n\t\t<\/div>\n\t\t\t\t\t\t\t<\/div>\n\t\t<\/section>\n\t\t\t\t<section class=\"elementor-section elementor-top-section elementor-element elementor-element-e662a57 elementor-section-boxed elementor-section-height-default elementor-section-height-default\" data-id=\"e662a57\" data-element_type=\"section\">\n\t\t\t\t\t\t<div class=\"elementor-container elementor-column-gap-default\">\n\t\t\t\t\t<div class=\"elementor-column elementor-col-100 elementor-top-column elementor-element elementor-element-6760d91\" data-id=\"6760d91\" data-element_type=\"column\">\n\t\t\t<div class=\"elementor-widget-wrap elementor-element-populated\">\n\t\t\t\t\t\t\t\t<div class=\"elementor-element elementor-element-8b48843 elementor-widget elementor-widget-image\" data-id=\"8b48843\" data-element_type=\"widget\" data-widget_type=\"image.default\">\n\t\t\t\t<div class=\"elementor-widget-container\">\n\t\t\t\t\t\t\t\t\t\t\t\t\t\t\t<img src=\"https:\/\/www.jazzclublormes.com\/wp-content\/uploads\/2022\/12\/JAZZCLUB_TROMBI_2017_2022_WEB.jpg\" title=\"JAZZCLUB_TROMBI_2017_2022_WEB\" alt=\"JAZZCLUB_TROMBI_2017_2022_WEB\" loading=\"lazy\" \/>\t\t\t\t\t\t\t\t\t\t\t\t\t\t\t<\/div>\n\t\t\t\t<\/div>\n\t\t\t\t\t<\/div>\n\t\t<\/div>\n\t\t\t\t\t\t\t<\/div>\n\t\t<\/section>\n\t\t\t\t<section class=\"elementor-section elementor-top-section elementor-element elementor-element-962e64b elementor-section-boxed elementor-section-height-default elementor-section-height-default\" data-id=\"962e64b\" data-element_type=\"section\">\n\t\t\t\t\t\t<div class=\"elementor-container elementor-column-gap-default\">\n\t\t\t\t\t<div class=\"elementor-column elementor-col-100 elementor-top-column elementor-element elementor-element-36bcf1c\" data-id=\"36bcf1c\" data-element_type=\"column\">\n\t\t\t<div class=\"elementor-widget-wrap\">\n\t\t\t\t\t\t\t\t\t<\/div>\n\t\t<\/div>\n\t\t\t\t\t\t\t<\/div>\n\t\t<\/section>\n\t\t\t\t\t\t\t<\/div>\n\t\t","protected":false},"excerpt":{"rendered":"<p>PROCHAIN CONCERT LAURENT MAUR &amp; DOMINIQUE VANTOMME QUARTETSamedi 23 MAI 2026 R\u00c9SERVATION En 2026, le Jazz Club Lormes c\u00e9l\u00e9bre ses 10 ansavec 12 concerts de f\u00e9vrier \u00e0 d\u00e9cembre :5 concerts hors-saison en f\u00e9vrier, avril, mai, octobre, le samedi soir,et le dimanche en d\u00e9cembre.L&rsquo;Estival Jazz&rsquo;Morvan 2026, c&rsquo;est 7 concerts pendant l&rsquo;\u00e9t\u00e9avec un concert chaque jeudi du 16 juillet au 27 ao\u00fbt<a href=\"https:\/\/www.jazzclublormes.com\/\">[&#8230;]<\/a><\/p>\n","protected":false},"author":1,"featured_media":0,"parent":0,"menu_order":0,"comment_status":"closed","ping_status":"closed","template":"","meta":{"_mi_skip_tracking":false},"_links":{"self":[{"href":"https:\/\/www.jazzclublormes.com\/index.php\/wp-json\/wp\/v2\/pages\/516"}],"collection":[{"href":"https:\/\/www.jazzclublormes.com\/index.php\/wp-json\/wp\/v2\/pages"}],"about":[{"href":"https:\/\/www.jazzclublormes.com\/index.php\/wp-json\/wp\/v2\/types\/page"}],"author":[{"embeddable":true,"href":"https:\/\/www.jazzclublormes.com\/index.php\/wp-json\/wp\/v2\/users\/1"}],"replies":[{"embeddable":true,"href":"https:\/\/www.jazzclublormes.com\/index.php\/wp-json\/wp\/v2\/comments?post=516"}],"version-history":[{"count":961,"href":"https:\/\/www.jazzclublormes.com\/index.php\/wp-json\/wp\/v2\/pages\/516\/revisions"}],"predecessor-version":[{"id":5152,"href":"https:\/\/www.jazzclublormes.com\/index.php\/wp-json\/wp\/v2\/pages\/516\/revisions\/5152"}],"wp:attachment":[{"href":"https:\/\/www.jazzclublormes.com\/index.php\/wp-json\/wp\/v2\/media?parent=516"}],"curies":[{"name":"wp","href":"https:\/\/api.w.org\/{rel}","templated":true}]}}