{"id":587,"date":"2019-09-06T14:40:52","date_gmt":"2019-09-06T12:40:52","guid":{"rendered":"http:\/\/jazzalormes.ovh\/?page_id=587"},"modified":"2026-03-01T21:48:38","modified_gmt":"2026-03-01T20:48:38","slug":"restauration-et-bar-a-vin","status":"publish","type":"page","link":"https:\/\/www.jazzclublormes.com\/index.php\/restauration-et-bar-a-vin\/","title":{"rendered":"Restauration et Bar \u00e0 Vin"},"content":{"rendered":"\t\t<div data-elementor-type=\"wp-page\" data-elementor-id=\"587\" class=\"elementor elementor-587\">\n\t\t\t\t\t\t\t\t\t<section class=\"elementor-section elementor-top-section elementor-element elementor-element-bdb43b2 elementor-section-boxed elementor-section-height-default elementor-section-height-default\" data-id=\"bdb43b2\" data-element_type=\"section\">\n\t\t\t\t\t\t<div class=\"elementor-container elementor-column-gap-default\">\n\t\t\t\t\t<div class=\"elementor-column elementor-col-100 elementor-top-column elementor-element elementor-element-68c21ca\" data-id=\"68c21ca\" data-element_type=\"column\">\n\t\t\t<div class=\"elementor-widget-wrap elementor-element-populated\">\n\t\t\t\t\t\t\t\t<div class=\"elementor-element elementor-element-3098dbc elementor-widget elementor-widget-image\" data-id=\"3098dbc\" data-element_type=\"widget\" data-widget_type=\"image.default\">\n\t\t\t\t<div class=\"elementor-widget-container\">\n\t\t\t\t\t\t\t\t\t\t\t\t\t\t\t<img width=\"960\" height=\"445\" src=\"https:\/\/www.jazzclublormes.com\/wp-content\/uploads\/2023\/06\/Recycl_nuit-1024x475.jpg\" class=\"attachment-large size-large wp-image-3131\" alt=\"\" loading=\"lazy\" srcset=\"https:\/\/www.jazzclublormes.com\/wp-content\/uploads\/2023\/06\/Recycl_nuit-1024x475.jpg 1024w, https:\/\/www.jazzclublormes.com\/wp-content\/uploads\/2023\/06\/Recycl_nuit-300x139.jpg 300w, https:\/\/www.jazzclublormes.com\/wp-content\/uploads\/2023\/06\/Recycl_nuit-768x356.jpg 768w, https:\/\/www.jazzclublormes.com\/wp-content\/uploads\/2023\/06\/Recycl_nuit-1536x712.jpg 1536w, https:\/\/www.jazzclublormes.com\/wp-content\/uploads\/2023\/06\/Recycl_nuit-2048x949.jpg 2048w, https:\/\/www.jazzclublormes.com\/wp-content\/uploads\/2023\/06\/Recycl_nuit-700x324.jpg 700w\" sizes=\"(max-width: 960px) 100vw, 960px\" \/>\t\t\t\t\t\t\t\t\t\t\t\t\t\t\t<\/div>\n\t\t\t\t<\/div>\n\t\t\t\t<div class=\"elementor-element elementor-element-30e72f9 elementor-widget elementor-widget-heading\" data-id=\"30e72f9\" data-element_type=\"widget\" data-widget_type=\"heading.default\">\n\t\t\t\t<div class=\"elementor-widget-container\">\n\t\t\t<h3 class=\"elementor-heading-title elementor-size-default\">LE JAZZ CLUB LORMES \u00c0 LA Recycl' - <\/h3>\t\t<\/div>\n\t\t\t\t<\/div>\n\t\t\t\t<div class=\"elementor-element elementor-element-24cda62 elementor-widget elementor-widget-text-editor\" data-id=\"24cda62\" data-element_type=\"widget\" data-widget_type=\"text-editor.default\">\n\t\t\t\t<div class=\"elementor-widget-container\">\n\t\t\t\t\t\t\t<p><strong>Le JAZZ CLUB LORMES\u00a0<\/strong><strong>vous propose dans la salle de concert entre 19h et 20h,<\/strong><br \/><strong>une petite restauration pr\u00e9par\u00e9es par Yves PR\u00c9GERMAIN \u00e0 commander en salle.<\/strong><\/p><p><strong>Notre BAR \u00c0 VIN vous propose une carte de vins s\u00e9lectionn\u00e9s<br \/>par notre conseill\u00e8re Fran\u00e7oise BELET, dipl\u00f4m\u00e9e de l&rsquo;Universit\u00e9 de Bourgogne.<br \/><\/strong><\/p>\t\t\t\t\t\t<\/div>\n\t\t\t\t<\/div>\n\t\t\t\t\t<\/div>\n\t\t<\/div>\n\t\t\t\t\t\t\t<\/div>\n\t\t<\/section>\n\t\t\t\t<section class=\"elementor-section elementor-top-section elementor-element elementor-element-6694bab elementor-section-boxed elementor-section-height-default elementor-section-height-default\" data-id=\"6694bab\" data-element_type=\"section\">\n\t\t\t\t\t\t<div class=\"elementor-container elementor-column-gap-default\">\n\t\t\t\t\t<div class=\"elementor-column elementor-col-100 elementor-top-column elementor-element elementor-element-81bf1cd\" data-id=\"81bf1cd\" data-element_type=\"column\">\n\t\t\t<div class=\"elementor-widget-wrap elementor-element-populated\">\n\t\t\t\t\t\t\t\t<div class=\"elementor-element elementor-element-08a9375 elementor-widget elementor-widget-image\" data-id=\"08a9375\" data-element_type=\"widget\" data-widget_type=\"image.default\">\n\t\t\t\t<div class=\"elementor-widget-container\">\n\t\t\t\t\t\t\t\t\t\t\t\t\t\t\t<img width=\"725\" height=\"1024\" src=\"https:\/\/www.jazzclublormes.com\/wp-content\/uploads\/2026\/03\/JAZZCLUB_LORMES_CARTE_DES_VINS_2026-1_WEB-725x1024.png\" class=\"attachment-large size-large wp-image-5069\" alt=\"\" loading=\"lazy\" srcset=\"https:\/\/www.jazzclublormes.com\/wp-content\/uploads\/2026\/03\/JAZZCLUB_LORMES_CARTE_DES_VINS_2026-1_WEB-725x1024.png 725w, https:\/\/www.jazzclublormes.com\/wp-content\/uploads\/2026\/03\/JAZZCLUB_LORMES_CARTE_DES_VINS_2026-1_WEB-212x300.png 212w, https:\/\/www.jazzclublormes.com\/wp-content\/uploads\/2026\/03\/JAZZCLUB_LORMES_CARTE_DES_VINS_2026-1_WEB-768x1085.png 768w, https:\/\/www.jazzclublormes.com\/wp-content\/uploads\/2026\/03\/JAZZCLUB_LORMES_CARTE_DES_VINS_2026-1_WEB-1087x1536.png 1087w, https:\/\/www.jazzclublormes.com\/wp-content\/uploads\/2026\/03\/JAZZCLUB_LORMES_CARTE_DES_VINS_2026-1_WEB-700x989.png 700w, https:\/\/www.jazzclublormes.com\/wp-content\/uploads\/2026\/03\/JAZZCLUB_LORMES_CARTE_DES_VINS_2026-1_WEB.png 1241w\" sizes=\"(max-width: 725px) 100vw, 725px\" \/>\t\t\t\t\t\t\t\t\t\t\t\t\t\t\t<\/div>\n\t\t\t\t<\/div>\n\t\t\t\t\t<\/div>\n\t\t<\/div>\n\t\t\t\t\t\t\t<\/div>\n\t\t<\/section>\n\t\t\t\t<section class=\"elementor-section elementor-top-section elementor-element elementor-element-12b92db elementor-section-boxed elementor-section-height-default elementor-section-height-default\" data-id=\"12b92db\" data-element_type=\"section\">\n\t\t\t\t\t\t<div class=\"elementor-container elementor-column-gap-default\">\n\t\t\t\t\t<div class=\"elementor-column elementor-col-100 elementor-top-column elementor-element elementor-element-8288f68\" data-id=\"8288f68\" data-element_type=\"column\">\n\t\t\t<div class=\"elementor-widget-wrap elementor-element-populated\">\n\t\t\t\t\t\t\t\t<div class=\"elementor-element elementor-element-4e19e0c elementor-widget elementor-widget-text-editor\" data-id=\"4e19e0c\" data-element_type=\"widget\" data-widget_type=\"text-editor.default\">\n\t\t\t\t<div class=\"elementor-widget-container\">\n\t\t\t\t\t\t\t<h3><strong>PAS DE CB &#8211; PAIEMENT RESTAURATION <\/strong><strong>et BAR \u00e0 r\u00e9gler uniquement en ESP\u00c8CES<\/strong><\/h3>\t\t\t\t\t\t<\/div>\n\t\t\t\t<\/div>\n\t\t\t\t\t<\/div>\n\t\t<\/div>\n\t\t\t\t\t\t\t<\/div>\n\t\t<\/section>\n\t\t\t\t\t\t\t<\/div>\n\t\t","protected":false},"excerpt":{"rendered":"<p>LE JAZZ CLUB LORMES \u00c0 LA Recycl&rsquo; &#8211; Le JAZZ CLUB LORMES\u00a0vous propose dans la salle de concert entre 19h et 20h,une petite restauration pr\u00e9par\u00e9es par Yves PR\u00c9GERMAIN \u00e0 commander en salle. Notre BAR \u00c0 VIN vous propose une carte de vins s\u00e9lectionn\u00e9spar notre conseill\u00e8re Fran\u00e7oise BELET, dipl\u00f4m\u00e9e de l&rsquo;Universit\u00e9 de Bourgogne. PAS DE CB &#8211; PAIEMENT RESTAURATION et BAR<a href=\"https:\/\/www.jazzclublormes.com\/index.php\/restauration-et-bar-a-vin\/\">[&#8230;]<\/a><\/p>\n","protected":false},"author":1,"featured_media":0,"parent":0,"menu_order":0,"comment_status":"closed","ping_status":"closed","template":"","meta":{"_mi_skip_tracking":false},"_links":{"self":[{"href":"https:\/\/www.jazzclublormes.com\/index.php\/wp-json\/wp\/v2\/pages\/587"}],"collection":[{"href":"https:\/\/www.jazzclublormes.com\/index.php\/wp-json\/wp\/v2\/pages"}],"about":[{"href":"https:\/\/www.jazzclublormes.com\/index.php\/wp-json\/wp\/v2\/types\/page"}],"author":[{"embeddable":true,"href":"https:\/\/www.jazzclublormes.com\/index.php\/wp-json\/wp\/v2\/users\/1"}],"replies":[{"embeddable":true,"href":"https:\/\/www.jazzclublormes.com\/index.php\/wp-json\/wp\/v2\/comments?post=587"}],"version-history":[{"count":111,"href":"https:\/\/www.jazzclublormes.com\/index.php\/wp-json\/wp\/v2\/pages\/587\/revisions"}],"predecessor-version":[{"id":5077,"href":"https:\/\/www.jazzclublormes.com\/index.php\/wp-json\/wp\/v2\/pages\/587\/revisions\/5077"}],"wp:attachment":[{"href":"https:\/\/www.jazzclublormes.com\/index.php\/wp-json\/wp\/v2\/media?parent=587"}],"curies":[{"name":"wp","href":"https:\/\/api.w.org\/{rel}","templated":true}]}}